{"id":5229,"date":"2019-06-27T22:30:52","date_gmt":"2019-06-27T20:30:52","guid":{"rendered":"https:\/\/www.hazlofacilmente.com\/?page_id=5229"},"modified":"2019-08-05T21:30:57","modified_gmt":"2019-08-05T19:30:57","slug":"acerca","status":"publish","type":"page","link":"https:\/\/www.hazlofacilmente.com\/ar\/acerca\/","title":{"rendered":"\u062d\u0648\u0644 \u0627\u0644\u0642\u064a\u0627\u0645 \u0628\u0630\u0644\u0643 \u0628\u0633\u0647\u0648\u0644\u0629 - \u0644\u0645\u0627\u0630\u0627 \u062a\u0639\u0642\u062f\u061f"},"content":{"rendered":"<div data-elementor-type=\"wp-post\" data-elementor-id=\"5229\" class=\"elementor elementor-5229\" data-elementor-post-type=\"page\">\n\t\t\t\t\t\t<section class=\"elementor-section elementor-top-section elementor-element elementor-element-4f34d27 elementor-section-content-middle elementor-section-boxed elementor-section-height-default elementor-section-height-default\" data-id=\"4f34d27\" data-element_type=\"section\" data-e-type=\"section\" data-settings=\"{&quot;background_background&quot;:&quot;classic&quot;}\">\n\t\t\t\t\t\t\t<div class=\"elementor-background-overlay\"><\/div>\n\t\t\t\t\t\t\t<div class=\"elementor-container elementor-column-gap-default\">\n\t\t\t\t\t<div class=\"elementor-column elementor-col-100 elementor-top-column elementor-element elementor-element-6c1b1912\" data-id=\"6c1b1912\" data-element_type=\"column\" data-e-type=\"column\">\n\t\t\t<div class=\"elementor-widget-wrap elementor-element-populated\">\n\t\t\t\t\t\t<div class=\"elementor-element elementor-element-49b78338 elementor-invisible elementor-widget elementor-widget-heading\" data-id=\"49b78338\" data-element_type=\"widget\" data-e-type=\"widget\" data-settings=\"{&quot;_animation&quot;:&quot;stuckMoveUpOpacity&quot;}\" data-widget_type=\"heading.default\">\n\t\t\t\t<div class=\"elementor-widget-container\">\n\t\t\t\t\t<h2 class=\"elementor-heading-title elementor-size-default\">\u0627\u0641\u0639\u0644 \u0630\u0644\u0643 \u0628\u0633\u0647\u0648\u0644\u0629 \u062f\u0648\u0646 \u0627\u0644\u062a\u0631\u0627\u062c\u0639<\/h2>\t\t\t\t<\/div>\n\t\t\t\t<\/div>\n\t\t\t\t<div class=\"elementor-element elementor-element-4bded086 animated-fast elementor-invisible elementor-widget elementor-widget-heading\" data-id=\"4bded086\" data-element_type=\"widget\" data-e-type=\"widget\" data-settings=\"{&quot;_animation&quot;:&quot;stuckMoveUpOpacity&quot;,&quot;_animation_delay&quot;:200}\" data-widget_type=\"heading.default\">\n\t\t\t\t<div class=\"elementor-widget-container\">\n\t\t\t\t\t<div class=\"elementor-heading-title elementor-size-default\">\u0645\u0644\u062a\u0632\u0645\u0648\u0646 \u0628\u062a\u0639\u0644\u0645 \u062c\u0639\u0644 \u0627\u0644\u0623\u0645\u0648\u0631 \u0623\u0633\u0647\u0644 \u0641\u064a \u0647\u0630\u0627 \u0627\u0644\u0639\u0627\u0644\u0645<\/div>\t\t\t\t<\/div>\n\t\t\t\t<\/div>\n\t\t\t\t\t<\/div>\n\t\t<\/div>\n\t\t\t\t\t<\/div>\n\t\t<\/section>\n\t\t\t\t<section class=\"elementor-section elementor-top-section elementor-element elementor-element-5b9416a8 elementor-section-boxed elementor-section-height-default elementor-section-height-default\" data-id=\"5b9416a8\" data-element_type=\"section\" data-e-type=\"section\">\n\t\t\t\t\t\t<div class=\"elementor-container elementor-column-gap-default\">\n\t\t\t\t\t<div class=\"elementor-column elementor-col-100 elementor-top-column elementor-element elementor-element-66b1b5e6\" data-id=\"66b1b5e6\" data-element_type=\"column\" data-e-type=\"column\">\n\t\t\t<div class=\"elementor-widget-wrap elementor-element-populated\">\n\t\t\t\t\t\t<div class=\"elementor-element elementor-element-57f2b83e elementor-widget elementor-widget-heading\" data-id=\"57f2b83e\" data-element_type=\"widget\" data-e-type=\"widget\" data-widget_type=\"heading.default\">\n\t\t\t\t<div class=\"elementor-widget-container\">\n\t\t\t\t\t<h2 class=\"elementor-heading-title elementor-size-default\">\u0646\u062d\u0646 \u0647\u0646\u0627 \u0644\u0645\u0633\u0627\u0639\u062f\u062a\u0643 \u0639\u0644\u0649 \u062a\u0637\u0648\u064a\u0631 \u0645\u0647\u0627\u0631\u0627\u062a\u0643 \u060c \u0648\u0645\u0646\u0639 \u0627\u0644\u062c\u0647\u0644 \u0648\u0625\u0632\u0627\u0644\u0629 \u0627\u0644\u0642\u064a\u0648\u062f \u0644\u062c\u0630\u0628 \u0627\u0644\u062d\u0643\u0645\u0629 \u0648\u0627\u0644\u0642\u062f\u0631\u0627\u062a \u0627\u0644\u062a\u064a \u062a\u062d\u062f\u062f \u0647\u0648\u064a\u062a\u0643 \u0641\u064a \u062d\u064a\u0627\u062a\u0643.<\/h2>\t\t\t\t<\/div>\n\t\t\t\t<\/div>\n\t\t\t\t<div class=\"elementor-element elementor-element-1e60601c elementor-widget elementor-widget-text-editor\" data-id=\"1e60601c\" data-element_type=\"widget\" data-e-type=\"widget\" data-widget_type=\"text-editor.default\">\n\t\t\t\t<div class=\"elementor-widget-container\">\n\t\t\t\t\t\t\t\t\t<article class=\"post wpb_content_element\"><div class=\"wpb_wrapper\"><p>\u0645\u0646\u0630 \u0639\u0627\u0645 2015 \u060c \u0646\u0633\u0627\u0639\u062f \u0645\u0644\u0627\u064a\u064a\u0646 \u0627\u0644\u0623\u0634\u062e\u0627\u0635 \u062d\u0648\u0644 \u0627\u0644\u0639\u0627\u0644\u0645 \u0639\u0644\u0649 \u062d\u0644 \u0627\u0644\u062a\u062d\u062f\u064a\u0627\u062a \u0627\u0644\u064a\u0648\u0645\u064a\u0629 \u0628\u0634\u0643\u0644 \u062e\u0644\u0627\u0642 \u0648\u0641\u0639\u0627\u0644 \u060c \u0648\u0644\u0643\u0646 \u0642\u0628\u0644 \u0643\u0644 \u0634\u064a\u0621 \u060c \u0628\u0633\u0647\u0648\u0644\u0629 \u060c \u0645\u0646 \u062e\u0644\u0627\u0644 \u0645\u0642\u0627\u0644\u0627\u062a\u0646\u0627 \u0627\u0644\u0645\u0645\u064a\u0632\u0629 \u0645\u062a\u0639\u062f\u062f\u0629 \u0627\u0644\u0641\u0626\u0627\u062a.<\/p><\/div><\/article>\t\t\t\t\t\t\t\t<\/div>\n\t\t\t\t<\/div>\n\t\t\t\t<div class=\"elementor-element elementor-element-34180163 elementor-widget elementor-widget-heading\" data-id=\"34180163\" data-element_type=\"widget\" data-e-type=\"widget\" data-widget_type=\"heading.default\">\n\t\t\t\t<div class=\"elementor-widget-container\">\n\t\t\t\t\t<h2 class=\"elementor-heading-title elementor-size-default\">\u0645\u0647\u0645\u062a\u0646\u0627 \u0647\u064a \u062f\u0641\u0639 \u0645\u0648\u0647\u0628\u062a\u0643 \u0625\u0644\u0649 \u0627\u0644\u062e\u0627\u0631\u062c \u060c \u0628\u0634\u0643\u0644 \u062c\u0645\u064a\u0644 \u0648\u0633\u0644\u0633 \u060c \u0639\u0644\u0649 \u0646\u0641\u0633 \u0627\u0644\u0645\u0633\u0627\u0631 \u0645\u062b\u0644 \u062a\u0639\u0631\u064a\u0641 \u0646\u0641\u0633\u0643.\n<\/h2>\t\t\t\t<\/div>\n\t\t\t\t<\/div>\n\t\t\t\t\t<\/div>\n\t\t<\/div>\n\t\t\t\t\t<\/div>\n\t\t<\/section>\n\t\t\t\t<section class=\"elementor-section elementor-top-section elementor-element elementor-element-5b375247 elementor-section-content-middle elementor-section-boxed elementor-section-height-default elementor-section-height-default\" data-id=\"5b375247\" data-element_type=\"section\" data-e-type=\"section\" data-settings=\"{&quot;background_background&quot;:&quot;classic&quot;}\">\n\t\t\t\t\t\t\t<div class=\"elementor-background-overlay\"><\/div>\n\t\t\t\t\t\t\t<div class=\"elementor-container elementor-column-gap-default\">\n\t\t\t\t\t<div class=\"elementor-column elementor-col-100 elementor-top-column elementor-element elementor-element-69095794\" data-id=\"69095794\" data-element_type=\"column\" data-e-type=\"column\">\n\t\t\t<div class=\"elementor-widget-wrap elementor-element-populated\">\n\t\t\t\t\t\t<div class=\"elementor-element elementor-element-6d32eef9 elementor-widget elementor-widget-heading\" data-id=\"6d32eef9\" data-element_type=\"widget\" data-e-type=\"widget\" data-widget_type=\"heading.default\">\n\t\t\t\t<div class=\"elementor-widget-container\">\n\t\t\t\t\t<h2 class=\"elementor-heading-title elementor-size-default\">\u064a\u0631\u0649 \u0627\u0644\u0643\u062b\u064a\u0631 \u0645\u0646 \u0627\u0644\u0646\u0627\u0633 \u0623\u0646 \u0627\u0644\u0645\u0648\u0647\u0628\u0629 \u0634\u064a\u0621 \u0641\u0637\u0631\u064a. \u0647\u062f\u064a\u0629 \u0637\u0628\u064a\u0639\u064a\u0629 \u0645\u0646 \u0627\u0644\u0645\u0633\u062a\u062d\u064a\u0644 \u0627\u0644\u062d\u0635\u0648\u0644 \u0639\u0644\u064a\u0647\u0627 \u0645\u0646 \u062e\u0644\u0627\u0644 \u0627\u0644\u0645\u0645\u0627\u0631\u0633\u0629.<\/h2>\t\t\t\t<\/div>\n\t\t\t\t<\/div>\n\t\t\t\t<div class=\"elementor-element elementor-element-1afc9d7 elementor-widget elementor-widget-heading\" data-id=\"1afc9d7\" data-element_type=\"widget\" data-e-type=\"widget\" data-widget_type=\"heading.default\">\n\t\t\t\t<div class=\"elementor-widget-container\">\n\t\t\t\t\t<h2 class=\"elementor-heading-title elementor-size-default\">\u0644\u0643\u0646\u0646\u0627 \u0646\u0639\u062a\u0642\u062f \u062e\u0644\u0627\u0641 \u0630\u0644\u0643.<\/h2>\t\t\t\t<\/div>\n\t\t\t\t<\/div>\n\t\t\t\t<div class=\"elementor-element elementor-element-4ff949bd elementor-widget elementor-widget-heading\" data-id=\"4ff949bd\" data-element_type=\"widget\" data-e-type=\"widget\" data-widget_type=\"heading.default\">\n\t\t\t\t<div class=\"elementor-widget-container\">\n\t\t\t\t\t<h2 class=\"elementor-heading-title elementor-size-default\">\u0627\u0644\u0645\u0648\u0647\u0628\u0629 \u0639\u0628\u0627\u0631\u0629 \u0639\u0646 \u0627\u0644\u0643\u062b\u064a\u0631 \u0645\u0646 \u0627\u0644\u062a\u062c\u0627\u0631\u0628 \u0648\u0627\u0644\u062e\u0637\u0623 \u0627\u0644\u0642\u0644\u064a\u0644. \u064a\u062a\u0639\u0644\u0642 \u0627\u0644\u0623\u0645\u0631 \u0628\u062e\u0644\u0642 \u0642\u062f\u0631\u062a\u0643.<\/h2>\t\t\t\t<\/div>\n\t\t\t\t<\/div>\n\t\t\t\t\t<\/div>\n\t\t<\/div>\n\t\t\t\t\t<\/div>\n\t\t<\/section>\n\t\t\t\t<section class=\"elementor-section elementor-top-section elementor-element elementor-element-e62ff69 elementor-section-boxed elementor-section-height-default elementor-section-height-default\" data-id=\"e62ff69\" data-element_type=\"section\" data-e-type=\"section\">\n\t\t\t\t\t\t<div class=\"elementor-container elementor-column-gap-default\">\n\t\t\t\t\t<div class=\"elementor-column elementor-col-100 elementor-top-column elementor-element elementor-element-14b67221\" data-id=\"14b67221\" data-element_type=\"column\" data-e-type=\"column\">\n\t\t\t<div class=\"elementor-widget-wrap elementor-element-populated\">\n\t\t\t\t\t\t<div class=\"elementor-element elementor-element-48809d98 elementor-widget elementor-widget-heading\" data-id=\"48809d98\" data-element_type=\"widget\" data-e-type=\"widget\" data-widget_type=\"heading.default\">\n\t\t\t\t<div class=\"elementor-widget-container\">\n\t\t\t\t\t<h2 class=\"elementor-heading-title elementor-size-default\">\u062a\u0635\u0628\u062d \u0627\u0644\u0639\u0642\u0628\u0627\u062a \u0641\u0631\u0635\u064b\u0627 \u0639\u0646\u062f\u0645\u0627 \u062a\u0642\u0631\u0631 \u0627\u0644\u062a\u0637\u0648\u0631<br><\/h2>\t\t\t\t<\/div>\n\t\t\t\t<\/div>\n\t\t\t\t<div class=\"elementor-element elementor-element-6d376d2 elementor-widget elementor-widget-text-editor\" data-id=\"6d376d2\" data-element_type=\"widget\" data-e-type=\"widget\" data-widget_type=\"text-editor.default\">\n\t\t\t\t<div class=\"elementor-widget-container\">\n\t\t\t\t\t\t\t\t\t<article><div><p>\u0648\u0643\u0644 \u0639\u0642\u0628\u0629 \u062a\u062a\u063a\u0644\u0628 \u0639\u0644\u064a\u0647\u0627 \u062a\u0645\u0646\u062d\u0643 \u0642\u0648\u0629 \u062c\u062f\u064a\u062f\u0629 \u062a\u0633\u0627\u0639\u062f\u0643 \u0639\u0644\u0649 \u0627\u0644\u0646\u0645\u0648.<\/p><p>\u0625\u0630\u0627 \u0643\u0646\u062a \u0644\u0627 \u062a\u0632\u0627\u0644 \u062a\u0639\u062a\u0642\u062f \u0623\u0646 \u0647\u0646\u0627\u0643 \u0634\u064a\u0626\u064b\u0627 \u0644\u0627 \u064a\u0645\u0643\u0646\u0643 \u0641\u0639\u0644\u0647 \u060c \u0641\u0641\u0643\u0631 \u0645\u0631\u0629 \u0623\u062e\u0631\u0649.<\/p><p>\u064a\u0645\u0643\u0646\u0646\u0627 \u062c\u0645\u064a\u0639\u064b\u0627 \u0623\u0646 \u0646\u0643\u0648\u0646 \u0645\u0648\u0647\u0648\u0628\u064a\u0646 \u0641\u064a \u0623\u064a \u0634\u064a\u0621!<\/p><p>\u0648\u0628\u0627\u062e\u062a\u0628\u0627\u0631 \u0642\u062f\u0631\u0627\u062a\u0643 \u060c \u064a\u0645\u0643\u0646\u0643 \u062a\u062d\u0648\u064a\u0644 \u0627\u0644\u0639\u0642\u0628\u0627\u062a \u0625\u0644\u0649 \u0637\u0631\u0642 \u062c\u062f\u064a\u062f\u0629 \u0644\u062a\u0635\u0628\u062d \u0623\u0643\u062b\u0631 \u0627\u0646\u0633\u062c\u0627\u0645\u064b\u0627 \u0645\u0639 \u0646\u0641\u0633\u0643 \u0648\u0645\u0639 \u0645\u0646 \u062d\u0648\u0644\u0643.<\/p><\/div><\/article>\t\t\t\t\t\t\t\t<\/div>\n\t\t\t\t<\/div>\n\t\t\t\t<div class=\"elementor-element elementor-element-3e779e8d elementor-widget elementor-widget-heading\" data-id=\"3e779e8d\" data-element_type=\"widget\" data-e-type=\"widget\" data-widget_type=\"heading.default\">\n\t\t\t\t<div class=\"elementor-widget-container\">\n\t\t\t\t\t<h2 class=\"elementor-heading-title elementor-size-default\"><a href=\"\/ar\/\">\u062d\u0627\u0646 \u0648\u0642\u062a\u0643 \u0644\u064a\u0635\u0628\u062d \u0623\u0641\u0636\u0644 \u0625\u0635\u062f\u0627\u0631 \u0644\u062a\u062d\u062f\u064a\u062f \u0645\u0646 \u0623\u0646\u062a \u062d\u0642\u064b\u0627. \u0627\u0646\u0642\u0631 \u0647\u0646\u0627 \u0644\u0627\u062e\u062a\u064a\u0627\u0631 \u0627\u0644\u0645\u0643\u0627\u0646 \u0627\u0644\u0630\u064a \u062a\u0631\u064a\u062f \u0623\u0646 \u062a\u0628\u062f\u0623 \u0645\u0646\u0647 \u0623\u0648 \u0627\u0633\u062a\u062e\u062f\u0645 \u0634\u0631\u064a\u0637 \u0627\u0644\u0628\u062d\u062b \u0623\u062f\u0646\u0627\u0647.<\/a><\/h2>\t\t\t\t<\/div>\n\t\t\t\t<\/div>\n\t\t\t\t\t<\/div>\n\t\t<\/div>\n\t\t\t\t\t<\/div>\n\t\t<\/section>\n\t\t\t\t<\/div>","protected":false},"excerpt":{"rendered":"<p>Hazlo f\u00e1cilmente, sin contenciones Comprometidos con aprender a hacer las cosas m\u00e1s f\u00e1ciles en este mundo Estamos aqu\u00ed para ayudarte a desarrollar tus habilidades, bloquear la ignorancia y alejar las limitaciones para atraer a tu vida la sabidur\u00eda y las capcidades que definan tu propia identidad. Desde 2015 venimos ayudando a millones de personas de [&hellip;]<\/p>\n","protected":false},"author":1,"featured_media":0,"parent":0,"menu_order":0,"comment_status":"closed","ping_status":"closed","template":"elementor_header_footer","meta":{"_acf_changed":false,"rop_custom_images_group":[],"rop_custom_messages_group":[],"rop_publish_now":"initial","rop_publish_now_accounts":{"facebook_10156208023222377_816660988427188":"","twitter_3131603140_3131603140":""},"rop_publish_now_history":[],"rop_publish_now_status":"pending","footnotes":""},"class_list":["post-5229","page","type-page","status-publish","hentry"],"acf":[],"_links":{"self":[{"href":"https:\/\/www.hazlofacilmente.com\/ar\/wp-json\/wp\/v2\/pages\/5229","targetHints":{"allow":["GET"]}}],"collection":[{"href":"https:\/\/www.hazlofacilmente.com\/ar\/wp-json\/wp\/v2\/pages"}],"about":[{"href":"https:\/\/www.hazlofacilmente.com\/ar\/wp-json\/wp\/v2\/types\/page"}],"author":[{"embeddable":true,"href":"https:\/\/www.hazlofacilmente.com\/ar\/wp-json\/wp\/v2\/users\/1"}],"replies":[{"embeddable":true,"href":"https:\/\/www.hazlofacilmente.com\/ar\/wp-json\/wp\/v2\/comments?post=5229"}],"version-history":[{"count":0,"href":"https:\/\/www.hazlofacilmente.com\/ar\/wp-json\/wp\/v2\/pages\/5229\/revisions"}],"wp:attachment":[{"href":"https:\/\/www.hazlofacilmente.com\/ar\/wp-json\/wp\/v2\/media?parent=5229"}],"curies":[{"name":"wp","href":"https:\/\/api.w.org\/{rel}","templated":true}]}}